{"id":19563,"date":"2022-02-16T11:52:26","date_gmt":"2022-02-16T10:52:26","guid":{"rendered":"https:\/\/ake.de\/ake-2\/"},"modified":"2022-02-16T11:52:35","modified_gmt":"2022-02-16T10:52:35","slug":"ake-2","status":"publish","type":"page","link":"https:\/\/www.ake.de\/lt\/ake-2\/","title":{"rendered":"AKE"},"content":{"rendered":"<div class=\"fusion-fullwidth fullwidth-box nonhundred-percent-fullwidth non-hundred-percent-height-scrolling\"  style='background-color: rgba(255,255,255,0);background-position: center center;background-repeat: no-repeat;padding-top:0px;padding-right:0px;padding-bottom:0px;padding-left:0px;'><div class=\"fusion-builder-row fusion-row \"><div  class=\"fusion-layout-column fusion_builder_column fusion_builder_column_1_1  fusion-one-full fusion-column-first fusion-column-last 1_1\"  style='margin-top:0px;margin-bottom:20px;'>\n\t\t\t\t\t<div class=\"fusion-column-wrapper\" style=\"padding: 0px 0px 0px 0px;background-position:left top;background-repeat:no-repeat;-webkit-background-size:cover;-moz-background-size:cover;-o-background-size:cover;background-size:cover;\"  data-bg-url=\"\">\n\t\t\t\t\t\t<div class=\"fusion-title title fusion-sep-none fusion-title-size-one\" style=\"margin-top:20px;margin-bottom:0px;\"><h1 class=\"title-heading-left\"><p style=\"text-align: left;\"><span style=\"color: #9d9d9d;\">AKE &#8211; cutting &amp; better<br \/>\n<\/span><\/p><\/h1><\/div>\n\t\t<!-- MasterSlider -->\n\t\t<div id=\"P_MS62442b6669672\" class=\"master-slider-parent ms-parent-id-62\" style=\"\" >\n\n\t\t\t\n\t\t\t<!-- MasterSlider Main -->\n\t\t\t<div id=\"MS62442b6669672\" class=\"master-slider ms-skin-default\" >\n\t\t\t\t \t\t\t\t \n\t\t\t<div  class=\"ms-slide\" data-delay=\"3\" data-fill-mode=\"fill\"   >\n\t\t\t\t\t<img decoding=\"async\" src=\"https:\/\/ake.de\/wp-content\/plugins\/masterslider\/public\/assets\/css\/blank.gif\" alt=\"\" title=\"\" data-src=\"https:\/\/ake.de\/wp-content\/uploads\/2019\/10\/WerkzeugcollageBannerAKE.jpg\" \/>\n\n\n\t\t\t\t<\/div>\n\n\t\t\t<\/div>\n\t\t\t<!-- END MasterSlider Main -->\n\n\t\t\t \n\t\t<\/div>\n\t\t<!-- END MasterSlider -->\n\n\t\t<script>\n\t\t( window.MSReady = window.MSReady || [] ).push( function( $ ) {\n\n\t\t\t\"use strict\";\n\t\t\tvar masterslider_9672 = new MasterSlider();\n\n\t\t\t\/\/ slider controls\n\t\t\t\/\/ slider setup\n\t\t\tmasterslider_9672.setup(\"MS62442b6669672\", {\n\t\t\t\twidth           : 1920,\n\t\t\t\theight          : 360,\n\t\t\t\tminHeight       : 200,\n\t\t\t\tspace           : 0,\n\t\t\t\tstart           : 1,\n\t\t\t\tgrabCursor      : true,\n\t\t\t\tswipe           : false,\n\t\t\t\tmouse           : false,\n\t\t\t\tkeyboard        : false,\n\t\t\t\tlayout          : \"fullwidth\",\n\t\t\t\twheel           : false,\n\t\t\t\tautoplay        : false,\n                instantStartLayers:false,\n\t\t\t\tmobileBGVideo:false,\n\t\t\t\tloop            : false,\n\t\t\t\tshuffle         : false,\n\t\t\t\tpreload         : 'all',\n\t\t\t\theightLimit     : true,\n\t\t\t\tautoHeight      : false,\n\t\t\t\tsmoothHeight    : true,\n\t\t\t\tendPause        : false,\n\t\t\t\toverPause       : false,\n\t\t\t\tfillMode        : \"fill\",\n\t\t\t\tcenterControls  : false,\n\t\t\t\tstartOnAppear   : false,\n\t\t\t\tlayersMode      : \"center\",\n\t\t\t\tautofillTarget  : \"\",\n\t\t\t\thideLayers      : false,\n\t\t\t\tfullscreenMargin: 0,\n\t\t\t\tspeed           : 20,\n\t\t\t\tdir             : \"h\",\n\t\t\t\tresponsive      : true,\n\t\t\t\ttabletWidth     : 768,\n\t\t\t\ttabletHeight    : null,\n\t\t\t\tphoneWidth      : 480,\n\t\t\t\tphoneHeight    : null,\n\t\t\t\tsizingReference : window,\n\t\t\t\tparallaxMode    : 'swipe',\n\t\t\t\tview            : \"fade\"\n\t\t\t});\n\n\t\t\t\n\t\t\twindow.masterslider_instances = window.masterslider_instances || [];\n\t\t\twindow.masterslider_instances.push( masterslider_9672 );\n\t\t});\n\t\t<\/script>\n\n<div class=\"fusion-clearfix\"><\/div>\n\n\t\t\t\t\t<\/div>\n\t\t\t\t<\/div><div  class=\"fusion-layout-column fusion_builder_column fusion_builder_column_1_5  fusion-one-fifth fusion-column-first 1_5\"  style='margin-top:0px;margin-bottom:0px;width:20%;width:calc(20% - ( ( 4% + 4% ) * 0.2 ) );margin-right: 4%;'>\n\t\t\t\t\t<div class=\"fusion-column-wrapper\" style=\"padding: 0px 0px 0px 0px;background-position:left top;background-repeat:no-repeat;-webkit-background-size:cover;-moz-background-size:cover;-o-background-size:cover;background-size:cover;\"  data-bg-url=\"\">\n\t\t\t\t\t\t<div class=\"fusion-clearfix\"><\/div>\n\n\t\t\t\t\t<\/div>\n\t\t\t\t<\/div><div  class=\"fusion-layout-column fusion_builder_column fusion_builder_column_3_5  fusion-three-fifth 3_5\"  style='margin-top:0px;margin-bottom:20px;width:60%;width:calc(60% - ( ( 4% + 4% ) * 0.6 ) );margin-right: 4%;'>\n\t\t\t\t\t<div class=\"fusion-column-wrapper\" style=\"padding: 0px 0px 0px 0px;background-position:left top;background-repeat:no-repeat;-webkit-background-size:cover;-moz-background-size:cover;-o-background-size:cover;background-size:cover;\"  data-bg-url=\"\">\n\t\t\t\t\t\t<div class=\"fusion-text\"><p>J\u016bs\u0173 \u012frengimai ir m\u016bs\u0173 \u012frankiai &#8211; geriausiam rezultatui pasiekti<\/p>\n<\/div><div class=\"fusion-text\"><p>tai rei\u0161kia auk\u0161\u010diausios klas\u0117s m\u016bs\u0173 pramonini\u0173 \u012franki\u0173 asortiment\u0105, skirt\u0105 medienos, plastiko ir metalo apdirbimui. Gamini\u0173 asortiment\u0105 sudaro diskiniai pj\u016bklai, smulkintuvai, frezos su kiauryme, kotin\u0117s frezos, gr\u0105\u017etai, peiliai, tvirtinimo \u012frankiai, deimantiniai \u012frankiai ir atitinkami priedai.<\/p>\n<p>Mes ne tik tiekiame kokybi\u0161kus \u012frankius. Tai m\u016bs\u0173 \u012fkv\u0117pimas b\u016bti geresniais tam, kad ir m\u016bs\u0173 klientai gal\u0117t\u0173 b\u016bt\u0173 geresni. Ta\u010diau, tai ne vien tik AKE gamini\u0173 i\u0161k\u0117limas \u012f pirm\u0105 plan\u0105. Tai rei\u0161kia ir m\u016bs\u0173 servis\u0105, teikiant ilgalaik\u0119 pagalb\u0105 klientui prie\u0161 ir po pardavimo. Kartu surandamas tinkamiausias sprendimas, nustatomas geriausias servisas, pasinaudojant geriausia kokybe.<\/p>\n<\/div><div class=\"fusion-clearfix\"><\/div>\n\n\t\t\t\t\t<\/div>\n\t\t\t\t<\/div><div  class=\"fusion-layout-column fusion_builder_column fusion_builder_column_1_5  fusion-one-fifth fusion-column-last 1_5\"  style='margin-top:0px;margin-bottom:0px;width:20%;width:calc(20% - ( ( 4% + 4% ) * 0.2 ) );'>\n\t\t\t\t\t<div class=\"fusion-column-wrapper\" style=\"padding: 0px 0px 0px 0px;background-position:left top;background-repeat:no-repeat;-webkit-background-size:cover;-moz-background-size:cover;-o-background-size:cover;background-size:cover;\"  data-bg-url=\"\">\n\t\t\t\t\t\t<div class=\"fusion-clearfix\"><\/div>\n\n\t\t\t\t\t<\/div>\n\t\t\t\t<\/div><div  class=\"fusion-layout-column fusion_builder_column fusion_builder_column_1_1  fusion-one-full fusion-column-first fusion-column-last 1_1\"  style='margin-top:0px;margin-bottom:0px;'>\n\t\t\t\t\t<div class=\"fusion-column-wrapper\" style=\"padding: 0px 0px 0px 0px;background-position:left top;background-repeat:no-repeat;-webkit-background-size:cover;-moz-background-size:cover;-o-background-size:cover;background-size:cover;\"  data-bg-url=\"\">\n\t\t\t\t\t\t<div class=\"fusion-sep-clear\"><\/div><div class=\"fusion-separator fusion-full-width-sep sep-shadow\" style=\"background:radial-gradient(ellipse at 50% -50% , #9d9d9d 0px, rgba(255, 255, 255, 0) 80%) repeat scroll 0 0 rgba(0, 0, 0, 0);background:-webkit-radial-gradient(ellipse at 50% -50% , #9d9d9d 0px, rgba(255, 255, 255, 0) 80%) repeat scroll 0 0 rgba(0, 0, 0, 0);background:-moz-radial-gradient(ellipse at 50% -50% , #9d9d9d 0px, rgba(255, 255, 255, 0) 80%) repeat scroll 0 0 rgba(0, 0, 0, 0);background:-o-radial-gradient(ellipse at 50% -50% , #9d9d9d 0px, rgba(255, 255, 255, 0) 80%) repeat scroll 0 0 rgba(0, 0, 0, 0);margin-left: auto;margin-right: auto;margin-top:;margin-bottom:20px;\"><\/div><div class=\"fusion-clearfix\"><\/div>\n\n\t\t\t\t\t<\/div>\n\t\t\t\t<\/div><div  data-animationType=fadeInDown data-animationDuration=0.6 data-animationOffset=100% class=\"fusion-layout-column fusion_builder_column fusion_builder_column_2_3  fusion-two-third fusion-column-first fusion-animated 2_3\"  style='margin-top:20px;margin-bottom:0px;width:66.66%;width:calc(66.66% - ( ( 4% ) * 0.6666 ) );margin-right: 4%;'>\n\t\t\t\t\t<div class=\"fusion-column-wrapper\" style=\"padding: 0px 0px 0px 0px;background-position:left top;background-repeat:no-repeat;-webkit-background-size:cover;-moz-background-size:cover;-o-background-size:cover;background-size:cover;\"  data-bg-url=\"\">\n\t\t\t\t\t\t<span class=\"fusion-imageframe imageframe-none imageframe-1 hover-type-none\"><img decoding=\"async\" src=\"http:\/\/ake.de\/wp-content\/uploads\/2019\/04\/AKEWerkzeuge.jpg\" width=\"\" height=\"\" alt=\"\" title=\"AKEWerkzeuge\" class=\"img-responsive wp-image-8206\" srcset=\"https:\/\/www.ake.de\/wp-content\/uploads\/2019\/04\/AKEWerkzeuge-200x53.jpg 200w, https:\/\/www.ake.de\/wp-content\/uploads\/2019\/04\/AKEWerkzeuge-400x107.jpg 400w, https:\/\/www.ake.de\/wp-content\/uploads\/2019\/04\/AKEWerkzeuge-600x160.jpg 600w, https:\/\/www.ake.de\/wp-content\/uploads\/2019\/04\/AKEWerkzeuge-800x213.jpg 800w, https:\/\/www.ake.de\/wp-content\/uploads\/2019\/04\/AKEWerkzeuge-1200x320.jpg 1200w, https:\/\/www.ake.de\/wp-content\/uploads\/2019\/04\/AKEWerkzeuge.jpg 1500w\" sizes=\"(max-width: 1200px) 100vw, 1200px\" \/><\/span><div class=\"fusion-clearfix\"><\/div>\n\n\t\t\t\t\t<\/div>\n\t\t\t\t<\/div><div  data-animationType=fadeInDown data-animationDuration=0.6 data-animationOffset=100% class=\"fusion-layout-column fusion_builder_column fusion_builder_column_1_3  fusion-one-third fusion-column-last fusion-animated 1_3\"  style='margin-top:0px;margin-bottom:0px;width:33.33%;width:calc(33.33% - ( ( 4% ) * 0.3333 ) );'>\n\t\t\t\t\t<div class=\"fusion-column-wrapper\" style=\"padding: 0px 0px 0px 0px;background-position:left top;background-repeat:no-repeat;-webkit-background-size:cover;-moz-background-size:cover;-o-background-size:cover;background-size:cover;\"  data-bg-url=\"\">\n\t\t\t\t\t\t<div class=\"fusion-text\"><p><strong>M\u016bs\u0173 \u012franki\u0173 asortimentas Jums si\u016blo &#8230;<\/strong><\/p>\n<\/div><div class=\"fusion-text\"><ul>\n<li>Ekstremaliai ilg\u0105 tarnavimo laik\u0105<\/li>\n<li>Ma\u017eas s\u0105naudas<\/li>\n<li>Geriausi\u0105 apdailos pjovimo kokyb\u0119<\/li>\n<li>Universal\u0173 pritaikym\u0105<\/li>\n<li>Triuk\u0161mo lygio suma\u017einim\u0105<\/li>\n<\/ul>\n<\/div><div class=\"fusion-clearfix\"><\/div>\n\n\t\t\t\t\t<\/div>\n\t\t\t\t<\/div><div  data-animationType=fadeInDown data-animationDuration=0.6 data-animationOffset=100% class=\"fusion-layout-column fusion_builder_column fusion_builder_column_1_3  fusion-one-third fusion-column-first fusion-animated 1_3\"  style='margin-top:20px;margin-bottom:20px;width:33.33%;width:calc(33.33% - ( ( 4% ) * 0.3333 ) );margin-right: 4%;'>\n\t\t\t\t\t<div class=\"fusion-column-wrapper\" style=\"padding: 0px 0px 0px 0px;background-position:left top;background-repeat:no-repeat;-webkit-background-size:cover;-moz-background-size:cover;-o-background-size:cover;background-size:cover;\"  data-bg-url=\"\">\n\t\t\t\t\t\t<div class=\"fusion-text\"><p><strong>&#8230; J\u016bs\u0173 med\u017eiagoms<\/strong><\/p>\n<\/div><div class=\"fusion-text\"><p>\u012evairi\u0173 prekybos sri\u010di\u0173 gamintojai susiduria su ypatingais i\u0161\u0161\u016bkiais d\u0117l did\u017eiul\u0117s med\u017eiag\u0173 \u012fvairov\u0117s.<\/p>\n<p>Visoms \u0161ioms med\u017eiagoms si\u016blome tinkam\u0105 ir ekonomi\u0161kai efektyv\u0173 \u012franki\u0173 sprendim\u0105.<\/p>\n<\/div><div class=\"fusion-clearfix\"><\/div>\n\n\t\t\t\t\t<\/div>\n\t\t\t\t<\/div><div  data-animationType=fadeInDown data-animationDuration=0.6 data-animationOffset=100% class=\"fusion-layout-column fusion_builder_column fusion_builder_column_2_3  fusion-two-third fusion-column-last fusion-animated 2_3\"  style='margin-top:40px;margin-bottom:30px;width:66.66%;width:calc(66.66% - ( ( 4% ) * 0.6666 ) );'>\n\t\t\t\t\t<div class=\"fusion-column-wrapper\" style=\"padding: 0px 0px 0px 0px;background-position:left top;background-repeat:no-repeat;-webkit-background-size:cover;-moz-background-size:cover;-o-background-size:cover;background-size:cover;\"  data-bg-url=\"\">\n\t\t\t\t\t\t<span class=\"fusion-imageframe imageframe-none imageframe-2 hover-type-none\"><img decoding=\"async\" src=\"http:\/\/ake.de\/wp-content\/uploads\/2019\/04\/Holzvielfalt.jpg\" width=\"\" height=\"\" alt=\"\" title=\"Holzvielfalt\" class=\"img-responsive wp-image-7808\" srcset=\"https:\/\/www.ake.de\/wp-content\/uploads\/2019\/04\/Holzvielfalt-200x53.jpg 200w, https:\/\/www.ake.de\/wp-content\/uploads\/2019\/04\/Holzvielfalt-400x107.jpg 400w, https:\/\/www.ake.de\/wp-content\/uploads\/2019\/04\/Holzvielfalt-600x160.jpg 600w, https:\/\/www.ake.de\/wp-content\/uploads\/2019\/04\/Holzvielfalt-800x213.jpg 800w, https:\/\/www.ake.de\/wp-content\/uploads\/2019\/04\/Holzvielfalt-1200x320.jpg 1200w, https:\/\/www.ake.de\/wp-content\/uploads\/2019\/04\/Holzvielfalt.jpg 1500w\" sizes=\"(max-width: 1200px) 100vw, 1200px\" \/><\/span><div class=\"fusion-clearfix\"><\/div>\n\n\t\t\t\t\t<\/div>\n\t\t\t\t<\/div><div  class=\"fusion-layout-column fusion_builder_column fusion_builder_column_1_1  fusion-one-full fusion-column-first fusion-column-last 1_1\"  style='margin-top:0px;margin-bottom:0px;'>\n\t\t\t\t\t<div class=\"fusion-column-wrapper\" style=\"padding: 0px 0px 0px 0px;background-position:left top;background-repeat:no-repeat;-webkit-background-size:cover;-moz-background-size:cover;-o-background-size:cover;background-size:cover;\"  data-bg-url=\"\">\n\t\t\t\t\t\t\n\t\t<!-- MasterSlider -->\n\t\t<div id=\"P_MS68503cf56cf7a\" class=\"master-slider-parent ms-parent-id-28\" style=\"\" >\n\n\t\t\t\n\t\t\t<!-- MasterSlider Main -->\n\t\t\t<div id=\"MS68503cf56cf7a\" class=\"master-slider ms-skin-default\" >\n\t\t\t\t \t\t\t\t \n<div class=\"ms-overlay-layers\">\t\t\t\t\t<div  class=\"ms-layer  msp-cn-28-17\" style=\"\"   data-effect=\"t(true,-150,n,n,n,n,n,n,n,n,n,n,n,n,n)\"   data-ease=\"easeOutQuint\"              data-widthlimit=\"1750\"  data-offset-x=\"0\" data-offset-y=\"20\" data-origin=\"tl\"   >\n<h2 style=\"text-align: left;\"><strong>Bl\u00e4ttern Sie sich <br \/>durch unseren Katalog!<br \/><\/strong><\/h2><\/div>\n\n<\/div>\n\t\t\t<div  class=\"ms-slide\" data-delay=\"3\" data-fill-mode=\"fill\"   >\n\t\t\t\t\t<img decoding=\"async\" src=\"https:\/\/ake.de\/wp-content\/plugins\/masterslider\/public\/assets\/css\/blank.gif\" alt=\"\" title=\"Katalog2025+katalogmitHolz_EN\" data-src=\"https:\/\/ake.de\/wp-content\/uploads\/2025\/06\/Katalog2025katalogmitHolz_DE-scaled.jpg\" \/>\n\t<a href=\"https:\/\/ake.de\/flip-pdf\/de\/AKE%20Gesamtkatalog\/index.html\" target=\"_blank\"    >Katalog2025+katalogmitHolz_EN<\/a>\n\n\n\t\t\t\t<\/div>\n\n\t\t\t<\/div>\n\t\t\t<!-- END MasterSlider Main -->\n\n\t\t\t \n\t\t<\/div>\n\t\t<!-- END MasterSlider -->\n\n\t\t<script>\n\t\t( window.MSReady = window.MSReady || [] ).push( function( $ ) {\n\n\t\t\t\"use strict\";\n\t\t\tvar masterslider_cf7a = new MasterSlider();\n\n\t\t\t\/\/ slider controls\n\t\t\t\/\/ slider setup\n\t\t\tmasterslider_cf7a.setup(\"MS68503cf56cf7a\", {\n\t\t\t\twidth           : 1920,\n\t\t\t\theight          : 520,\n\t\t\t\tminHeight       : 200,\n\t\t\t\tspace           : 0,\n\t\t\t\tstart           : 1,\n\t\t\t\tgrabCursor      : true,\n\t\t\t\tswipe           : false,\n\t\t\t\tmouse           : false,\n\t\t\t\tkeyboard        : false,\n\t\t\t\tlayout          : \"fullwidth\",\n\t\t\t\twheel           : false,\n\t\t\t\tautoplay        : false,\n                instantStartLayers:false,\n\t\t\t\tmobileBGVideo:false,\n\t\t\t\tloop            : false,\n\t\t\t\tshuffle         : false,\n\t\t\t\tpreload         : 'all',\n\t\t\t\theightLimit     : true,\n\t\t\t\tautoHeight      : false,\n\t\t\t\tsmoothHeight    : true,\n\t\t\t\tendPause        : false,\n\t\t\t\toverPause       : false,\n\t\t\t\tfillMode        : \"fill\",\n\t\t\t\tcenterControls  : false,\n\t\t\t\tstartOnAppear   : false,\n\t\t\t\tlayersMode      : \"center\",\n\t\t\t\tautofillTarget  : \"\",\n\t\t\t\thideLayers      : false,\n\t\t\t\tfullscreenMargin: 0,\n\t\t\t\tspeed           : 20,\n\t\t\t\tdir             : \"h\",\n\t\t\t\tresponsive      : true,\n\t\t\t\ttabletWidth     : 768,\n\t\t\t\ttabletHeight    : null,\n\t\t\t\tphoneWidth      : 480,\n\t\t\t\tphoneHeight    : null,\n\t\t\t\tsizingReference : window,\n\t\t\t\tparallaxMode    : 'swipe',\n\t\t\t\tview            : \"fade\"\n\t\t\t});\n\n\t\t\t\n\t\t\twindow.masterslider_instances = window.masterslider_instances || [];\n\t\t\twindow.masterslider_instances.push( masterslider_cf7a );\n\t\t});\n\t\t<\/script>\n\n<div class=\"fusion-clearfix\"><\/div>\n\n\t\t\t\t\t<\/div>\n\t\t\t\t<\/div><\/div><\/div>\n","protected":false},"excerpt":{"rendered":"","protected":false},"author":1,"featured_media":0,"parent":0,"menu_order":0,"comment_status":"closed","ping_status":"closed","template":"","meta":{"footnotes":""},"class_list":["post-19563","page","type-page","status-publish","hentry"],"_links":{"self":[{"href":"https:\/\/www.ake.de\/lt\/wp-json\/wp\/v2\/pages\/19563","targetHints":{"allow":["GET"]}}],"collection":[{"href":"https:\/\/www.ake.de\/lt\/wp-json\/wp\/v2\/pages"}],"about":[{"href":"https:\/\/www.ake.de\/lt\/wp-json\/wp\/v2\/types\/page"}],"author":[{"embeddable":true,"href":"https:\/\/www.ake.de\/lt\/wp-json\/wp\/v2\/users\/1"}],"replies":[{"embeddable":true,"href":"https:\/\/www.ake.de\/lt\/wp-json\/wp\/v2\/comments?post=19563"}],"version-history":[{"count":7,"href":"https:\/\/www.ake.de\/lt\/wp-json\/wp\/v2\/pages\/19563\/revisions"}],"predecessor-version":[{"id":19570,"href":"https:\/\/www.ake.de\/lt\/wp-json\/wp\/v2\/pages\/19563\/revisions\/19570"}],"wp:attachment":[{"href":"https:\/\/www.ake.de\/lt\/wp-json\/wp\/v2\/media?parent=19563"}],"curies":[{"name":"wp","href":"https:\/\/api.w.org\/{rel}","templated":true}]}}