{"id":11464,"date":"2019-11-11T10:26:42","date_gmt":"2019-11-11T09:26:42","guid":{"rendered":"https:\/\/ake.de\/palyakezdok\/"},"modified":"2020-02-27T14:43:04","modified_gmt":"2020-02-27T13:43:04","slug":"palyakezdok","status":"publish","type":"page","link":"https:\/\/www.ake.de\/hu\/palyakezdok\/","title":{"rendered":"P\u00e1lyakezd\u0151k"},"content":{"rendered":"<div class=\"fusion-fullwidth fullwidth-box nonhundred-percent-fullwidth non-hundred-percent-height-scrolling\"  style='background-color: rgba(255,255,255,0);background-position: center center;background-repeat: no-repeat;padding-top:0px;padding-right:0px;padding-bottom:0px;padding-left:0px;'><div class=\"fusion-builder-row fusion-row \"><div  class=\"fusion-layout-column fusion_builder_column fusion_builder_column_1_1  fusion-one-full fusion-column-first fusion-column-last 1_1\"  style='margin-top:0px;margin-bottom:0px;'>\n\t\t\t\t\t<div class=\"fusion-column-wrapper\" style=\"padding: 0px 0px 0px 0px;background-position:left top;background-repeat:no-repeat;-webkit-background-size:cover;-moz-background-size:cover;-o-background-size:cover;background-size:cover;\"  data-bg-url=\"\">\n\t\t\t\t\t\t<div class=\"fusion-title title fusion-sep-none fusion-title-size-one\" style=\"margin-top:20px;margin-bottom:0px;\"><h1 class=\"title-heading-left\"><p style=\"text-align: left;\"><span style=\"color: #999999;\">P\u00e1lyakezd\u0151k<\/span><\/p><\/h1><\/div>\n\t\t<!-- MasterSlider -->\n\t\t<div id=\"P_MS624660c087601\" class=\"master-slider-parent ms-parent-id-145\" style=\"\" >\n\n\t\t\t\n\t\t\t<!-- MasterSlider Main -->\n\t\t\t<div id=\"MS624660c087601\" class=\"master-slider ms-skin-default\" >\n\t\t\t\t \t\t\t\t \n<div class=\"ms-overlay-layers\">\t\t\t\t\t<div  class=\"ms-layer  msp-cn-145-18\" style=\"\"   data-effect=\"t(true,-150,n,n,n,n,n,n,n,n,n,n,n,n,n)\"  data-delay=\"400\" data-ease=\"easeOutQuint\"              data-widthlimit=\"500\"  data-offset-x=\"0\" data-offset-y=\"100\" data-origin=\"tl\"   >\n<h3 style=\"text-align: right;\"><span style=\"color: #ffffff;\"><em>\"Ind\u00edtsd be a <br \/>karriered!\"<br \/><br \/><\/em>- Frank Uhl<\/span><em><br \/><\/em><\/h3><\/div>\n\n\t\t\t\t\t<div  class=\"ms-layer  msp-cn-9-17\" style=\"\"   data-effect=\"t(true,-150,n,n,n,n,n,n,n,n,n,n,n,n,n)\"   data-ease=\"easeOutQuint\"              data-widthlimit=\"1750\"  data-offset-x=\"0\" data-offset-y=\"20\" data-origin=\"tl\"   >\n<h2 style=\"text-align: left;\"><span style=\"color: #ffffff;\"><strong>K\u00e9pz\u00e9si vezet\u0151<\/strong><\/span><\/h2><\/div>\n\n\t\t\t\t\t<img decoding=\"async\"  class=\"ms-layer\" src=\"https:\/\/ake.de\/wp-content\/plugins\/masterslider\/public\/assets\/css\/blank.gif\" data-src=\"https:\/\/ake.de\/wp-content\/uploads\/2019\/04\/FrankUhl.png\" alt=\"\" style=\"width:350px;\"  data-effect=\"t(true,-500,n,n,n,n,n,n,n,n,n,n,n,n,n)\" data-duration=\"600\"  data-ease=\"easeOutQuint\"        data-type=\"image\"      data-widthlimit=\"500\"    data-offset-x=\"-5\" data-offset-y=\"30\" data-origin=\"tl\"  \/>\n\n<\/div>\n\t\t\t<div  class=\"ms-slide\" data-delay=\"3\" data-fill-mode=\"fill\"   >\n\t\t\t\t\t<img decoding=\"async\" src=\"https:\/\/ake.de\/wp-content\/plugins\/masterslider\/public\/assets\/css\/blank.gif\" alt=\"\" title=\"\" data-src=\"https:\/\/ake.de\/wp-content\/uploads\/2019\/04\/IMG_1037.jpg\" \/>\n\n\n\t\t\t\t<\/div>\n\n\t\t\t<\/div>\n\t\t\t<!-- END MasterSlider Main -->\n\n\t\t\t \n\t\t<\/div>\n\t\t<!-- END MasterSlider -->\n\n\t\t<script>\n\t\t( window.MSReady = window.MSReady || [] ).push( function( $ ) {\n\n\t\t\t\"use strict\";\n\t\t\tvar masterslider_7601 = new MasterSlider();\n\n\t\t\t\/\/ slider controls\n\t\t\t\/\/ slider setup\n\t\t\tmasterslider_7601.setup(\"MS624660c087601\", {\n\t\t\t\twidth           : 1920,\n\t\t\t\theight          : 360,\n\t\t\t\tminHeight       : 200,\n\t\t\t\tspace           : 0,\n\t\t\t\tstart           : 1,\n\t\t\t\tgrabCursor      : true,\n\t\t\t\tswipe           : false,\n\t\t\t\tmouse           : false,\n\t\t\t\tkeyboard        : false,\n\t\t\t\tlayout          : \"fullwidth\",\n\t\t\t\twheel           : false,\n\t\t\t\tautoplay        : false,\n                instantStartLayers:false,\n\t\t\t\tmobileBGVideo:false,\n\t\t\t\tloop            : false,\n\t\t\t\tshuffle         : false,\n\t\t\t\tpreload         : 'all',\n\t\t\t\theightLimit     : true,\n\t\t\t\tautoHeight      : false,\n\t\t\t\tsmoothHeight    : true,\n\t\t\t\tendPause        : false,\n\t\t\t\toverPause       : false,\n\t\t\t\tfillMode        : \"fill\",\n\t\t\t\tcenterControls  : false,\n\t\t\t\tstartOnAppear   : false,\n\t\t\t\tlayersMode      : \"center\",\n\t\t\t\tautofillTarget  : \"\",\n\t\t\t\thideLayers      : false,\n\t\t\t\tfullscreenMargin: 0,\n\t\t\t\tspeed           : 20,\n\t\t\t\tdir             : \"h\",\n\t\t\t\tresponsive      : true,\n\t\t\t\ttabletWidth     : 768,\n\t\t\t\ttabletHeight    : null,\n\t\t\t\tphoneWidth      : 480,\n\t\t\t\tphoneHeight    : null,\n\t\t\t\tsizingReference : window,\n\t\t\t\tparallaxMode    : 'swipe',\n\t\t\t\tview            : \"fade\"\n\t\t\t});\n\n\t\t\t\n\t\t\twindow.masterslider_instances = window.masterslider_instances || [];\n\t\t\twindow.masterslider_instances.push( masterslider_7601 );\n\t\t});\n\t\t<\/script>\n\n<div class=\"fusion-clearfix\"><\/div>\n\n\t\t\t\t\t<\/div>\n\t\t\t\t<\/div><div  class=\"fusion-layout-column fusion_builder_column fusion_builder_column_1_5  fusion-one-fifth fusion-column-first 1_5\"  style='margin-top:0px;margin-bottom:0px;width:20%;width:calc(20% - ( ( 4% + 4% ) * 0.2 ) );margin-right: 4%;'>\n\t\t\t\t\t<div class=\"fusion-column-wrapper\" style=\"padding: 0px 0px 0px 0px;background-position:left top;background-repeat:no-repeat;-webkit-background-size:cover;-moz-background-size:cover;-o-background-size:cover;background-size:cover;\"  data-bg-url=\"\">\n\t\t\t\t\t\t<div class=\"fusion-clearfix\"><\/div>\n\n\t\t\t\t\t<\/div>\n\t\t\t\t<\/div><div  class=\"fusion-layout-column fusion_builder_column fusion_builder_column_3_5  fusion-three-fifth 3_5\"  style='margin-top:0px;margin-bottom:0px;width:60%;width:calc(60% - ( ( 4% + 4% ) * 0.6 ) );margin-right: 4%;'>\n\t\t\t\t\t<div class=\"fusion-column-wrapper\" style=\"padding: 0px 0px 0px 0px;background-position:left top;background-repeat:no-repeat;-webkit-background-size:cover;-moz-background-size:cover;-o-background-size:cover;background-size:cover;\"  data-bg-url=\"\">\n\t\t\t\t\t\t<div class=\"fusion-text\"><h3 style=\"text-align: left;\"><strong>KEZDD N\u00c1LUNK A KARRIERED! karriere@ake.de<\/strong><\/h3>\n<\/div><div class=\"fusion-text\"><p>Az els\u0151 l\u00e9p\u00e9s megt\u00e9tele a szakmai \u00e9let ir\u00e1ny\u00e1ba k\u00fcl\u00f6n\u00f6sen fontos. Ez nagyban f\u00fcgg att\u00f3l, hogy valaki megtal\u00e1lja -e azt az igazi &#8220;partnert&#8221;, aki a tanul\u00f3t \u00e9s annak k\u00e9pz\u00e9s\u00e9t komolyan veszi.<\/p>\n<p>Az AKE n\u00e9metorsz\u00e1gi v\u00e1llalata v\u00e1ltozatos k\u00e9pz\u00e9seket k\u00edn\u00e1l, amelyben a n\u00e9metorsz\u00e1gi tanul\u00f3k a szem\u00e9lyes k\u00e9pess\u00e9geiket \u00e9s \u00e9rdekl\u0151d\u00e9s\u00fcket kamatoztatni tudj\u00e1k, \u00e9s mindj\u00e1rt a k\u00e9pz\u00e9s els\u0151 napj\u00e1t\u00f3l r\u00e9szesei lehetnek k\u00f6z\u00f6s siker\u00fcnknek.<\/p>\n<p>N\u00e1lunk izgalmas feladatok \u00e9s j\u00f3 perspekt\u00edv\u00e1k v\u00e1rj\u00e1k a fiatalokat. Tartozz Te is az AKE nagy csal\u00e1dj\u00e1nak tagjai k\u00f6z\u00e9!<\/p>\n<\/div><div class=\"fusion-clearfix\"><\/div>\n\n\t\t\t\t\t<\/div>\n\t\t\t\t<\/div><div  class=\"fusion-layout-column fusion_builder_column fusion_builder_column_1_5  fusion-one-fifth fusion-column-last 1_5\"  style='margin-top:0px;margin-bottom:0px;width:20%;width:calc(20% - ( ( 4% + 4% ) * 0.2 ) );'>\n\t\t\t\t\t<div class=\"fusion-column-wrapper\" style=\"padding: 0px 0px 0px 0px;background-position:left top;background-repeat:no-repeat;-webkit-background-size:cover;-moz-background-size:cover;-o-background-size:cover;background-size:cover;\"  data-bg-url=\"\">\n\t\t\t\t\t\t<div class=\"fusion-clearfix\"><\/div>\n\n\t\t\t\t\t<\/div>\n\t\t\t\t<\/div><div  class=\"fusion-layout-column fusion_builder_column fusion_builder_column_1_1  fusion-one-full fusion-column-first fusion-column-last 1_1\"  style='margin-top:0px;margin-bottom:0px;'>\n\t\t\t\t\t<div class=\"fusion-column-wrapper\" style=\"padding: 0px 0px 0px 0px;background-position:left top;background-repeat:no-repeat;-webkit-background-size:cover;-moz-background-size:cover;-o-background-size:cover;background-size:cover;\"  data-bg-url=\"\">\n\t\t\t\t\t\t<div class=\"fusion-sep-clear\"><\/div><div class=\"fusion-separator fusion-full-width-sep sep-shadow\" style=\"background:radial-gradient(ellipse at 50% -50% , #9d9d9d 0px, rgba(255, 255, 255, 0) 80%) repeat scroll 0 0 rgba(0, 0, 0, 0);background:-webkit-radial-gradient(ellipse at 50% -50% , #9d9d9d 0px, rgba(255, 255, 255, 0) 80%) repeat scroll 0 0 rgba(0, 0, 0, 0);background:-moz-radial-gradient(ellipse at 50% -50% , #9d9d9d 0px, rgba(255, 255, 255, 0) 80%) repeat scroll 0 0 rgba(0, 0, 0, 0);background:-o-radial-gradient(ellipse at 50% -50% , #9d9d9d 0px, rgba(255, 255, 255, 0) 80%) repeat scroll 0 0 rgba(0, 0, 0, 0);margin-left: auto;margin-right: auto;margin-top:;margin-bottom:20px;\"><\/div><div class=\"fusion-clearfix\"><\/div>\n\n\t\t\t\t\t<\/div>\n\t\t\t\t<\/div><div  data-animationType=fadeInDown data-animationDuration=0.6 data-animationOffset=100% class=\"fusion-layout-column fusion_builder_column fusion_builder_column_2_3  fusion-two-third fusion-column-first fusion-animated 2_3\"  style='margin-top:20px;margin-bottom:0px;width:66.66%;width:calc(66.66% - ( ( 4% ) * 0.6666 ) );margin-right: 4%;'>\n\t\t\t\t\t<div class=\"fusion-column-wrapper\" style=\"padding: 0px 0px 0px 0px;background-position:left top;background-repeat:no-repeat;-webkit-background-size:cover;-moz-background-size:cover;-o-background-size:cover;background-size:cover;\"  data-bg-url=\"\">\n\t\t\t\t\t\t<span class=\"fusion-imageframe imageframe-none imageframe-1 hover-type-none\"><img decoding=\"async\" src=\"http:\/\/ake.de\/wp-content\/uploads\/2019\/04\/AzubisaneinerMaschine.jpg\" width=\"\" height=\"\" alt=\"\" title=\"Tanul\u00f3 egy g\u00e9pn\u00e9l\" class=\"img-responsive wp-image-6390\" srcset=\"https:\/\/www.ake.de\/wp-content\/uploads\/2019\/04\/AzubisaneinerMaschine-200x53.jpg 200w, https:\/\/www.ake.de\/wp-content\/uploads\/2019\/04\/AzubisaneinerMaschine-400x107.jpg 400w, https:\/\/www.ake.de\/wp-content\/uploads\/2019\/04\/AzubisaneinerMaschine-600x160.jpg 600w, https:\/\/www.ake.de\/wp-content\/uploads\/2019\/04\/AzubisaneinerMaschine-800x213.jpg 800w, https:\/\/www.ake.de\/wp-content\/uploads\/2019\/04\/AzubisaneinerMaschine-1200x320.jpg 1200w, https:\/\/www.ake.de\/wp-content\/uploads\/2019\/04\/AzubisaneinerMaschine.jpg 6250w\" sizes=\"(max-width: 1200px) 100vw, 1200px\" \/><\/span><div class=\"fusion-clearfix\"><\/div>\n\n\t\t\t\t\t<\/div>\n\t\t\t\t<\/div><div  data-animationType=fadeInDown data-animationDuration=0.6 data-animationOffset=100% class=\"fusion-layout-column fusion_builder_column fusion_builder_column_1_3  fusion-one-third fusion-column-last fusion-animated 1_3\"  style='margin-top:0px;margin-bottom:0px;width:33.33%;width:calc(33.33% - ( ( 4% ) * 0.3333 ) );'>\n\t\t\t\t\t<div class=\"fusion-column-wrapper\" style=\"padding: 0px 0px 0px 0px;background-position:left top;background-repeat:no-repeat;-webkit-background-size:cover;-moz-background-size:cover;-o-background-size:cover;background-size:cover;\"  data-bg-url=\"\">\n\t\t\t\t\t\t<div class=\"fusion-text\"><h3 style=\"text-align: left;\"><strong>Ipari &#8211; m\u0171szaki k\u00e9pz\u00e9s<br \/>\n<\/strong><\/h3>\n<\/div><div class=\"fusion-text\"><p>Telephely &#8211; N\u00e9metorsz\u00e1g, Balingen<\/p>\n<p>Saj\u00e1t, tanul\u00f3k r\u00e9sz\u00e9re kialak\u00edtott \u00fczem\u00fcnkben az els\u0151 k\u00e9pz\u00e9si \u00e9vben olyan alapvet\u0151 k\u00e9szs\u00e9geket mutatunk meg, mint a bev\u00e1g\u00e1s, s\u00fcllyeszt\u00e9s, eszterg\u00e1l\u00e1s. Ezzel az alaptud\u00e1ssal a m\u00e1sodik \u00e9vben a tanul\u00f3k akt\u00edvan r\u00e9szt vesznek a gy\u00e1rt\u00e1sban. Itt gyakorlati k\u00f6zels\u00e9gben l\u00e1tj\u00e1k a teljes gy\u00e1rt\u00e1si folyamatot a kem\u00e9nyf\u00e9mb\u0151l k\u00e9sz\u00fclt fogak forraszt\u00e1s\u00e1t\u00f3l a k\u00e9szterm\u00e9kek v\u00e9gellen\u0151rz\u00e9s\u00e9ig.<\/p>\n<\/div><div class=\"fusion-clearfix\"><\/div>\n\n\t\t\t\t\t<\/div>\n\t\t\t\t<\/div><div  data-animationType=fadeInDown data-animationDuration=0.6 data-animationOffset=100% class=\"fusion-layout-column fusion_builder_column fusion_builder_column_1_3  fusion-one-third fusion-column-first fusion-animated 1_3\"  style='margin-top:20px;margin-bottom:0px;width:33.33%;width:calc(33.33% - ( ( 4% ) * 0.3333 ) );margin-right: 4%;'>\n\t\t\t\t\t<div class=\"fusion-column-wrapper\" style=\"padding: 0px 0px 0px 0px;background-position:left top;background-repeat:no-repeat;-webkit-background-size:cover;-moz-background-size:cover;-o-background-size:cover;background-size:cover;\"  data-bg-url=\"\">\n\t\t\t\t\t\t<div class=\"fusion-text\"><h3 style=\"text-align: left;\"><strong>Kereskedelmi k\u00e9pz\u00e9se<br \/>\n<\/strong><\/h3>\n<\/div><div class=\"fusion-text\"><p>Telephely &#8211; N\u00e9metorsz\u00e1g, Balingen\/Rietberg<\/p>\n<p>A k\u00e9pz\u00e9sben r\u00e9sztvev\u0151k az AKE-n\u00e1l megismerhetik egy ipari \u00fczemet m\u0171k\u00f6dtet\u0151\u00a0 k\u00f6z\u00e9pv\u00e1llalat valamennyi spektrum\u00e1t. A tanul\u00f3k n\u00e1lunk valamennyi kereskedelmi \u00e9s m\u0171szaki r\u00e9szleg munk\u00e1j\u00e1t megismerik. R\u00e9szt vesznek a szersz\u00e1mok \u00e9rt\u00e9kes\u00edt\u00e9s\u00e9ben, alapanyagokat szereznek be, vagy \u00e9ppen a be\u00e9rkez\u0151 vev\u0151i fizet\u00e9seket k\u00f6nyvelik le. Mindezeken t\u00fal a gy\u00e1rtott szersz\u00e1mok m\u0171szaki h\u00e1tt\u00e9rismereteit is megtanulhatj\u00e1k, mint pl.: a k\u00f6rf\u0171r\u00e9szlapok vagy mar\u00f3szersz\u00e1mok konstrukci\u00f3j\u00e1t.<\/p>\n<\/div><div class=\"fusion-clearfix\"><\/div>\n\n\t\t\t\t\t<\/div>\n\t\t\t\t<\/div><div  data-animationType=fadeInDown data-animationDuration=0.6 data-animationOffset=100% class=\"fusion-layout-column fusion_builder_column fusion_builder_column_2_3  fusion-two-third fusion-column-last fusion-animated 2_3\"  style='margin-top:40px;margin-bottom:0px;width:66.66%;width:calc(66.66% - ( ( 4% ) * 0.6666 ) );'>\n\t\t\t\t\t<div class=\"fusion-column-wrapper\" style=\"padding: 0px 0px 0px 0px;background-position:left top;background-repeat:no-repeat;-webkit-background-size:cover;-moz-background-size:cover;-o-background-size:cover;background-size:cover;\"  data-bg-url=\"\">\n\t\t\t\t\t\t<span class=\"fusion-imageframe imageframe-none imageframe-2 hover-type-none\"><img decoding=\"async\" src=\"http:\/\/ake.de\/wp-content\/uploads\/2019\/04\/AzubismitLKW.jpg\" width=\"\" height=\"\" alt=\"\" title=\"Tanul\u00f3 egy teheraut\u00f3n\u00e1l\" class=\"img-responsive wp-image-6384\" srcset=\"https:\/\/www.ake.de\/wp-content\/uploads\/2019\/04\/AzubismitLKW-200x53.jpg 200w, https:\/\/www.ake.de\/wp-content\/uploads\/2019\/04\/AzubismitLKW-400x107.jpg 400w, https:\/\/www.ake.de\/wp-content\/uploads\/2019\/04\/AzubismitLKW-600x160.jpg 600w, https:\/\/www.ake.de\/wp-content\/uploads\/2019\/04\/AzubismitLKW-800x213.jpg 800w, https:\/\/www.ake.de\/wp-content\/uploads\/2019\/04\/AzubismitLKW-1200x320.jpg 1200w, https:\/\/www.ake.de\/wp-content\/uploads\/2019\/04\/AzubismitLKW.jpg 6250w\" sizes=\"(max-width: 1200px) 100vw, 1200px\" \/><\/span><div class=\"fusion-clearfix\"><\/div>\n\n\t\t\t\t\t<\/div>\n\t\t\t\t<\/div><div  data-animationType=fadeInDown data-animationDuration=0.6 data-animationOffset=100% class=\"fusion-layout-column fusion_builder_column fusion_builder_column_2_3  fusion-two-third fusion-column-first fusion-animated 2_3\"  style='margin-top:20px;margin-bottom:30px;width:66.66%;width:calc(66.66% - ( ( 4% ) * 0.6666 ) );margin-right: 4%;'>\n\t\t\t\t\t<div class=\"fusion-column-wrapper\" style=\"padding: 0px 0px 0px 0px;background-position:left top;background-repeat:no-repeat;-webkit-background-size:cover;-moz-background-size:cover;-o-background-size:cover;background-size:cover;\"  data-bg-url=\"\">\n\t\t\t\t\t\t<span class=\"fusion-imageframe imageframe-none imageframe-3 hover-type-none\"><img decoding=\"async\" src=\"http:\/\/ake.de\/wp-content\/uploads\/2019\/04\/AzubisamLaptop.jpg\" width=\"\" height=\"\" alt=\"\" title=\"Tanul\u00f3 egy laptopn\u00e1l\" class=\"img-responsive wp-image-6377\" srcset=\"https:\/\/www.ake.de\/wp-content\/uploads\/2019\/04\/AzubisamLaptop-200x53.jpg 200w, https:\/\/www.ake.de\/wp-content\/uploads\/2019\/04\/AzubisamLaptop-400x107.jpg 400w, https:\/\/www.ake.de\/wp-content\/uploads\/2019\/04\/AzubisamLaptop-600x160.jpg 600w, https:\/\/www.ake.de\/wp-content\/uploads\/2019\/04\/AzubisamLaptop-800x213.jpg 800w, https:\/\/www.ake.de\/wp-content\/uploads\/2019\/04\/AzubisamLaptop-1200x320.jpg 1200w, https:\/\/www.ake.de\/wp-content\/uploads\/2019\/04\/AzubisamLaptop.jpg 6250w\" sizes=\"(max-width: 1200px) 100vw, 1200px\" \/><\/span><div class=\"fusion-clearfix\"><\/div>\n\n\t\t\t\t\t<\/div>\n\t\t\t\t<\/div><div  data-animationType=fadeInDown data-animationDuration=0.6 data-animationOffset=100% class=\"fusion-layout-column fusion_builder_column fusion_builder_column_1_3  fusion-one-third fusion-column-last fusion-animated 1_3\"  style='margin-top:0px;margin-bottom:0px;width:33.33%;width:calc(33.33% - ( ( 4% ) * 0.3333 ) );'>\n\t\t\t\t\t<div class=\"fusion-column-wrapper\" style=\"padding: 0px 0px 0px 0px;background-position:left top;background-repeat:no-repeat;-webkit-background-size:cover;-moz-background-size:cover;-o-background-size:cover;background-size:cover;\"  data-bg-url=\"\">\n\t\t\t\t\t\t<div class=\"fusion-text\"><h3 style=\"text-align: left;\"><strong>Du\u00e1lis k\u00e9pz\u00e9s<br \/>\n<\/strong><\/h3>\n<\/div><div class=\"fusion-text\"><p>Telephely &#8211; N\u00e9metorsz\u00e1g, Balingen<\/p>\n<p>A n\u00e9metorsz\u00e1gi du\u00e1lis k\u00e9pz\u00e9sben r\u00e9sztvev\u0151 n\u00e9metorsz\u00e1gi tanul\u00f3k az AKE-n\u00e1l egy ipari \u00fczemet m\u0171k\u00f6dtet\u0151 k\u00f6z\u00e9pv\u00e1llalkoz\u00e1s valamennyi spektrum\u00e1t megismerik. Akt\u00edvan r\u00e9szt vesznek a mindennapi munk\u00e1ban, \u00e9s t\u00e1mogat\u00e1st ny\u00fajtanak a t\u00f6bb r\u00e9szleget \u00e1t\u00f6lel\u0151 projektekben. A tanul\u00f3k el\u0151tt a v\u00e1llalat nemzetk\u00f6zi fel\u00e9p\u00edt\u00e9se, valamint a\u00a0 r\u00e9sz\u00fckre ny\u00fajtott \u00e1tfog\u00f3 k\u00e9pz\u00e9s r\u00e9v\u00e9n nem csak a klasszikusnak nevezhet\u0151 szakter\u00fcleteken, de a speci\u00e1lis m\u0171szaki ter\u00fcleteken is a lehet\u0151 legjobb szakmai perspekt\u00edva ny\u00edlik meg.<\/p>\n<\/div><div class=\"fusion-clearfix\"><\/div>\n\n\t\t\t\t\t<\/div>\n\t\t\t\t<\/div><div  class=\"fusion-layout-column fusion_builder_column fusion_builder_column_1_1  fusion-one-full fusion-column-first fusion-column-last 1_1\"  style='margin-top:0px;margin-bottom:0px;'>\n\t\t\t\t\t<div class=\"fusion-column-wrapper\" style=\"padding: 0px 0px 0px 0px;background-position:left top;background-repeat:no-repeat;-webkit-background-size:cover;-moz-background-size:cover;-o-background-size:cover;background-size:cover;\"  data-bg-url=\"\">\n\t\t\t\t\t\t<div class=\"fusion-sep-clear\"><\/div><div class=\"fusion-separator fusion-full-width-sep sep-shadow\" style=\"background:radial-gradient(ellipse at 50% -50% , #9d9d9d 0px, rgba(255, 255, 255, 0) 80%) repeat scroll 0 0 rgba(0, 0, 0, 0);background:-webkit-radial-gradient(ellipse at 50% -50% , #9d9d9d 0px, rgba(255, 255, 255, 0) 80%) repeat scroll 0 0 rgba(0, 0, 0, 0);background:-moz-radial-gradient(ellipse at 50% -50% , #9d9d9d 0px, rgba(255, 255, 255, 0) 80%) repeat scroll 0 0 rgba(0, 0, 0, 0);background:-o-radial-gradient(ellipse at 50% -50% , #9d9d9d 0px, rgba(255, 255, 255, 0) 80%) repeat scroll 0 0 rgba(0, 0, 0, 0);margin-left: auto;margin-right: auto;margin-top:;margin-bottom:30px;\"><\/div><div class=\"fusion-text\"><h3 style=\"text-align: left;\"><strong>K\u00e9pz\u00e9si lehet\u0151s\u00e9gek az AKE-n\u00e1l:<br \/>\n<\/strong><\/h3>\n<\/div><div class=\"fusion-text\"><p>[dsgvo-youtube url=&#8221;https:\/\/www.youtube.com\/watch?v=8JgM4eqP7ZQ&amp;t=2s&#8221; images=&#8221;https:\/\/ake.de\/wp-content\/uploads\/2019\/04\/AusbildungFilm-1.jpg&#8221; ]Schauen Sie sich hier unser Video an.[\/dsgvo-youtube]<\/p>\n<\/div><div class=\"fusion-clearfix\"><\/div>\n\n\t\t\t\t\t<\/div>\n\t\t\t\t<\/div><div  class=\"fusion-layout-column fusion_builder_column fusion_builder_column_1_5  fusion-one-fifth fusion-column-first 1_5\"  style='margin-top:40px;margin-bottom:30px;width:20%;width:calc(20% - ( ( 4% + 4% ) * 0.2 ) );margin-right: 4%;'>\n\t\t\t\t\t<div class=\"fusion-column-wrapper\" style=\"padding: 0px 0px 0px 0px;background-position:left top;background-repeat:no-repeat;-webkit-background-size:cover;-moz-background-size:cover;-o-background-size:cover;background-size:cover;\"  data-bg-url=\"\">\n\t\t\t\t\t\t<div class=\"fusion-clearfix\"><\/div>\n\n\t\t\t\t\t<\/div>\n\t\t\t\t<\/div><div  class=\"fusion-layout-column fusion_builder_column fusion_builder_column_3_5  fusion-three-fifth 3_5\"  style='margin-top:40px;margin-bottom:30px;width:60%;width:calc(60% - ( ( 4% + 4% ) * 0.6 ) );margin-right: 4%;'>\n\t\t\t\t\t<div class=\"fusion-column-wrapper\" style=\"padding: 0px 0px 0px 0px;background-position:left top;background-repeat:no-repeat;-webkit-background-size:cover;-moz-background-size:cover;-o-background-size:cover;background-size:cover;\"  data-bg-url=\"\">\n\t\t\t\t\t\t<div id=\"psJobWidget\"><\/div>\r\n<script src=\"https:\/\/ake-knebel.jobbase.io\/widget\/iframe.js?config=uly4cb2u\"><\/script><div class=\"fusion-clearfix\"><\/div>\n\n\t\t\t\t\t<\/div>\n\t\t\t\t<\/div><div  class=\"fusion-layout-column fusion_builder_column fusion_builder_column_1_5  fusion-one-fifth fusion-column-last 1_5\"  style='margin-top:40px;margin-bottom:30px;width:20%;width:calc(20% - ( ( 4% + 4% ) * 0.2 ) );'>\n\t\t\t\t\t<div class=\"fusion-column-wrapper\" style=\"padding: 0px 0px 0px 0px;background-position:left top;background-repeat:no-repeat;-webkit-background-size:cover;-moz-background-size:cover;-o-background-size:cover;background-size:cover;\"  data-bg-url=\"\">\n\t\t\t\t\t\t<div class=\"fusion-clearfix\"><\/div>\n\n\t\t\t\t\t<\/div>\n\t\t\t\t<\/div><\/div><\/div>\n","protected":false},"excerpt":{"rendered":"","protected":false},"author":1,"featured_media":0,"parent":0,"menu_order":0,"comment_status":"closed","ping_status":"closed","template":"","meta":{"footnotes":""},"class_list":["post-11464","page","type-page","status-publish","hentry"],"_links":{"self":[{"href":"https:\/\/www.ake.de\/hu\/wp-json\/wp\/v2\/pages\/11464","targetHints":{"allow":["GET"]}}],"collection":[{"href":"https:\/\/www.ake.de\/hu\/wp-json\/wp\/v2\/pages"}],"about":[{"href":"https:\/\/www.ake.de\/hu\/wp-json\/wp\/v2\/types\/page"}],"author":[{"embeddable":true,"href":"https:\/\/www.ake.de\/hu\/wp-json\/wp\/v2\/users\/1"}],"replies":[{"embeddable":true,"href":"https:\/\/www.ake.de\/hu\/wp-json\/wp\/v2\/comments?post=11464"}],"version-history":[{"count":11,"href":"https:\/\/www.ake.de\/hu\/wp-json\/wp\/v2\/pages\/11464\/revisions"}],"predecessor-version":[{"id":12393,"href":"https:\/\/www.ake.de\/hu\/wp-json\/wp\/v2\/pages\/11464\/revisions\/12393"}],"wp:attachment":[{"href":"https:\/\/www.ake.de\/hu\/wp-json\/wp\/v2\/media?parent=11464"}],"curies":[{"name":"wp","href":"https:\/\/api.w.org\/{rel}","templated":true}]}}